{"id":3,"date":"2025-07-17T22:19:23","date_gmt":"2025-07-17T22:19:23","guid":{"rendered":"http:\/\/xn--makorigen-s9a.com\/?page_id=3"},"modified":"2026-01-08T05:09:06","modified_gmt":"2026-01-08T05:09:06","slug":"politica-de-privacidad","status":"publish","type":"page","link":"https:\/\/xn--makorigen-s9a.com\/es\/politica-de-privacidad\/","title":{"rendered":"Pol\u00edtica de privacidad \u2013 Mak\u00fc"},"content":{"rendered":"<div data-elementor-type=\"wp-page\" data-elementor-id=\"3\" class=\"elementor elementor-3\" data-elementor-post-type=\"page\">\n\t\t\t\t<div class=\"elementor-element elementor-element-3a94f40 e-flex e-con-boxed e-con e-parent\" data-id=\"3a94f40\" data-element_type=\"container\" data-e-type=\"container\">\n\t\t\t\t\t<div class=\"e-con-inner\">\n\t\t\t\t<div class=\"elementor-element elementor-element-04d6b90 elementor-widget elementor-widget-heading\" data-id=\"04d6b90\" data-element_type=\"widget\" data-e-type=\"widget\" data-widget_type=\"heading.default\">\n\t\t\t\t<div class=\"elementor-widget-container\">\n\t\t\t\t\t<h3 class=\"elementor-heading-title elementor-size-default\">Pol\u00edtica de Privacidad de Mak\u00fc<\/h3>\t\t\t\t<\/div>\n\t\t\t\t<\/div>\n\t\t\t\t\t<\/div>\n\t\t\t\t<\/div>\n\t\t<div class=\"elementor-element elementor-element-74cf5eae e-flex e-con-boxed e-con e-parent\" data-id=\"74cf5eae\" data-element_type=\"container\" data-e-type=\"container\">\n\t\t\t\t\t<div class=\"e-con-inner\">\n\t\t\t\t<div class=\"elementor-element elementor-element-4a96aa2d elementor-widget elementor-widget-text-editor\" data-id=\"4a96aa2d\" data-element_type=\"widget\" data-e-type=\"widget\" data-widget_type=\"text-editor.default\">\n\t\t\t\t<div class=\"elementor-widget-container\">\n\t\t\t\t\t\t\t\t\t<p data-start=\"227\" data-end=\"426\">En Mak\u00fc, valoramos y respetamos tu privacidad. Esta Pol\u00edtica de Privacidad explica c\u00f3mo recopilamos, utilizamos y protegemos tu informaci\u00f3n personal cuando visitas nuestro sitio web, realizas una compra o interact\u00faas con nosotros.<\/p><p data-start=\"428\" data-end=\"513\">Al utilizar nuestros servicios, aceptas las pr\u00e1cticas descritas en esta Pol\u00edtica de Privacidad.<\/p><hr data-start=\"515\" data-end=\"518\" \/><h5 data-start=\"520\" data-end=\"550\">1. Informaci\u00f3n que recopilamos<\/h5><p data-start=\"551\" data-end=\"603\">Podemos recopilar los siguientes tipos de informaci\u00f3n:<\/p><ul data-start=\"604\" data-end=\"1048\"><li data-start=\"604\" data-end=\"711\"><p data-start=\"606\" data-end=\"711\"><strong data-start=\"606\" data-end=\"642\">Datos de identificaci\u00f3n personal:<\/strong> nombre, direcci\u00f3n de correo electr\u00f3nico, n\u00famero de tel\u00e9fono, direcciones de facturaci\u00f3n y env\u00edo.<\/p><\/li><li data-start=\"712\" data-end=\"850\"><p data-start=\"714\" data-end=\"850\"><strong data-start=\"714\" data-end=\"734\">Datos de pago:<\/strong> procesados de forma segura a trav\u00e9s de proveedores externos. Mak\u00fc no almacena informaci\u00f3n completa de tarjetas de cr\u00e9dito o d\u00e9bito.<\/p><\/li><li data-start=\"851\" data-end=\"940\"><p data-start=\"853\" data-end=\"940\"><strong data-start=\"853\" data-end=\"875\">Informaci\u00f3n del pedido:<\/strong> productos adquiridos, historial de transacciones y datos de env\u00edo.<\/p><\/li><li data-start=\"941\" data-end=\"1048\"><p data-start=\"943\" data-end=\"1048\"><strong data-start=\"943\" data-end=\"969\">Informaci\u00f3n t\u00e9cnica:<\/strong> direcci\u00f3n IP, tipo de navegador, tipo de dispositivo y actividad de navegaci\u00f3n en nuestro sitio web.<\/p><\/li><\/ul><hr data-start=\"1050\" data-end=\"1053\" \/><h5 data-start=\"1055\" data-end=\"1090\">2. C\u00f3mo utilizamos tu informaci\u00f3n<\/h5><p data-start=\"1091\" data-end=\"1129\">Utilizamos la informaci\u00f3n recopilada para:<\/p><ul data-start=\"1130\" data-end=\"1434\"><li data-start=\"1130\" data-end=\"1166\"><p data-start=\"1132\" data-end=\"1166\">Procesar y entregar tus pedidos.<\/p><\/li><li data-start=\"1167\" data-end=\"1221\"><p data-start=\"1169\" data-end=\"1221\">Brindar atenci\u00f3n al cliente y responder a consultas.<\/p><\/li><li data-start=\"1222\" data-end=\"1270\"><p data-start=\"1224\" data-end=\"1270\">Mejorar nuestro sitio web, productos y servicios.<\/p><\/li><li data-start=\"1271\" data-end=\"1340\"><p data-start=\"1273\" data-end=\"1340\">Enviar correos electr\u00f3nicos transaccionales (confirmaci\u00f3n de pedido, actualizaciones de env\u00edo).<\/p><\/li><li data-start=\"1341\" data-end=\"1399\"><p data-start=\"1343\" data-end=\"1399\">Enviar comunicaciones promocionales (solo si otorgas tu consentimiento).<\/p><\/li><li data-start=\"1400\" data-end=\"1434\"><p data-start=\"1402\" data-end=\"1434\">Cumplir con obligaciones legales.<\/p><\/li><\/ul><hr data-start=\"1436\" data-end=\"1439\" \/><h5 data-start=\"1441\" data-end=\"1473\">3. Compartir tu informaci\u00f3n<\/h5><p data-start=\"1474\" data-end=\"1556\">No vendemos ni alquilamos tus datos personales.<br data-start=\"1516\" data-end=\"1519\" \/>Podemos compartir tu informaci\u00f3n con:<\/p><ul data-start=\"1557\" data-end=\"1718\"><li data-start=\"1557\" data-end=\"1635\"><p data-start=\"1559\" data-end=\"1635\"><strong data-start=\"1559\" data-end=\"1581\">Proveedores de servicios:<\/strong> empresas de mensajer\u00eda, procesadores de pago y soporte tecnol\u00f3gico.<\/p><\/li><li data-start=\"1636\" data-end=\"1718\"><p data-start=\"1638\" data-end=\"1718\"><strong data-start=\"1638\" data-end=\"1660\">Autoridades legales:<\/strong> cuando sea necesario para cumplir con la ley o proteger nuestros derechos.<\/p><\/li><\/ul><hr data-start=\"1720\" data-end=\"1723\" \/><h5 data-start=\"1725\" data-end=\"1761\">4. Transferencias internacionales de datos<\/h5><p data-start=\"1762\" data-end=\"1942\">Dado que atendemos clientes a nivel mundial, tu informaci\u00f3n puede ser transferida y procesada en pa\u00edses fuera de tu lugar de residencia, incluidos Estados Unidos, Europa y Sudam\u00e9rica.<\/p><ul data-start=\"1943\" data-end=\"2062\"><li data-start=\"1943\" data-end=\"2062\"><p data-start=\"1945\" data-end=\"2062\">Para clientes de la Uni\u00f3n Europea\/Espacio Econ\u00f3mico Europeo, las transferencias de datos se realizan de conformidad con el <strong data-start=\"2014\" data-end=\"2059\">Reglamento General de Protecci\u00f3n de Datos (RGPD)<\/strong>.<\/p><\/li><\/ul><hr data-start=\"2064\" data-end=\"2067\" \/><h5 data-start=\"2069\" data-end=\"2091\">5. Conservaci\u00f3n de datos<\/h5><p data-start=\"2092\" data-end=\"2239\">Conservamos tu informaci\u00f3n personal \u00fanicamente durante el tiempo necesario para cumplir con los fines descritos en esta Pol\u00edtica de Privacidad o seg\u00fan lo exija la ley.<\/p><hr data-start=\"2241\" data-end=\"2244\" \/><h5 data-start=\"2246\" data-end=\"2265\">6. Tus derechos<\/h5><p data-start=\"2266\" data-end=\"2330\">Dependiendo de tu ubicaci\u00f3n, puedes tener los siguientes derechos:<\/p><ul data-start=\"2331\" data-end=\"2716\"><li data-start=\"2331\" data-end=\"2401\"><p data-start=\"2333\" data-end=\"2401\"><strong data-start=\"2333\" data-end=\"2344\">Acceso:<\/strong> solicitar una copia de los datos personales que tenemos sobre ti.<\/p><\/li><li data-start=\"2402\" data-end=\"2475\"><p data-start=\"2404\" data-end=\"2475\"><strong data-start=\"2404\" data-end=\"2419\">Correcci\u00f3n:<\/strong> solicitar la correcci\u00f3n de datos inexactos o incompletos.<\/p><\/li><li data-start=\"2476\" data-end=\"2552\"><p data-start=\"2478\" data-end=\"2552\"><strong data-start=\"2478\" data-end=\"2491\">Eliminaci\u00f3n:<\/strong> solicitar la eliminaci\u00f3n de tus datos cuando sea legalmente aplicable.<\/p><\/li><li data-start=\"2553\" data-end=\"2620\"><p data-start=\"2555\" data-end=\"2620\"><strong data-start=\"2555\" data-end=\"2569\">Oposici\u00f3n:<\/strong> darte de baja de las comunicaciones de marketing en cualquier momento.<\/p><\/li><li data-start=\"2621\" data-end=\"2716\"><p data-start=\"2623\" data-end=\"2716\"><strong data-start=\"2623\" data-end=\"2662\">Portabilidad de datos (clientes UE\/Reino Unido):<\/strong> solicitar una copia de tus datos en un formato estructurado.<\/p><\/li><\/ul><p data-start=\"2718\" data-end=\"2787\">Para ejercer estos derechos, cont\u00e1ctanos en <strong data-start=\"2764\" data-end=\"2784\">hello@mak\u00fcorigen.com<\/strong><\/p><hr data-start=\"2789\" data-end=\"2792\" \/><h5 data-start=\"2794\" data-end=\"2810\">7. Seguridad<\/h5><p data-start=\"2811\" data-end=\"2951\">Implementamos medidas de seguridad conforme a los est\u00e1ndares de la industria para proteger tus datos contra accesos no autorizados, alteraciones, divulgaci\u00f3n o destrucci\u00f3n.<\/p><hr data-start=\"2953\" data-end=\"2956\" \/><h5 data-start=\"2958\" data-end=\"2997\">8. Cookies y tecnolog\u00edas de seguimiento<\/h5><p data-start=\"2998\" data-end=\"3193\">Nuestro sitio web utiliza cookies y tecnolog\u00edas similares para mejorar tu experiencia de navegaci\u00f3n, analizar el tr\u00e1fico y personalizar el contenido. Puedes gestionar o desactivar las cookies desde la configuraci\u00f3n de tu navegador.<\/p><hr data-start=\"3195\" data-end=\"3198\" \/><h5 data-start=\"3200\" data-end=\"3226\">9. Privacidad de menores<\/h5><p data-start=\"3227\" data-end=\"3351\">Nuestros servicios no est\u00e1n dirigidos a personas menores de 13 a\u00f1os. No recopilamos intencionalmente datos personales de menores.<\/p><hr data-start=\"3353\" data-end=\"3356\" \/><h5 data-start=\"3358\" data-end=\"3389\">10. Actualizaciones de esta pol\u00edtica<\/h5><p data-start=\"3390\" data-end=\"3517\">Podemos actualizar esta Pol\u00edtica de Privacidad ocasionalmente. Los cambios se publicar\u00e1n en esta p\u00e1gina junto con la fecha de la \u00faltima actualizaci\u00f3n.<\/p><hr data-start=\"3519\" data-end=\"3522\" \/><h5 data-start=\"3524\" data-end=\"3543\">11. Contacto<\/h5><p data-start=\"3544\" data-end=\"3722\">Si tienes preguntas o inquietudes sobre esta Pol\u00edtica de Privacidad o sobre c\u00f3mo gestionamos tu informaci\u00f3n, puedes contactarnos en:<\/p><p data-start=\"3544\" data-end=\"3722\"><strong>hello@mak\u00fcorigen.com<\/strong><\/p>\t\t\t\t\t\t\t\t<\/div>\n\t\t\t\t<\/div>\n\t\t\t\t\t<\/div>\n\t\t\t\t<\/div>\n\t\t\t\t<\/div>","protected":false},"excerpt":{"rendered":"<p>Privacy Policy Mak\u00fc At Mak\u00fc, we value and respect your privacy. This Privacy Policy explains how we collect, use, and protect your personal information when you visit our website, make a purchase, or interact with us. By using our services, you agree to the practices described in this Privacy Policy. 1. Information We Collect We [&hellip;]<\/p>\n","protected":false},"author":1,"featured_media":0,"parent":0,"menu_order":0,"comment_status":"closed","ping_status":"open","template":"","meta":{"_acf_changed":false,"site-sidebar-layout":"default","site-content-layout":"","ast-site-content-layout":"full-width-container","site-content-style":"default","site-sidebar-style":"default","ast-global-header-display":"","ast-banner-title-visibility":"","ast-main-header-display":"","ast-hfb-above-header-display":"","ast-hfb-below-header-display":"","ast-hfb-mobile-header-display":"","site-post-title":"disabled","ast-breadcrumbs-content":"","ast-featured-img":"","footer-sml-layout":"","ast-disable-related-posts":"","theme-transparent-header-meta":"disabled","adv-header-id-meta":"","stick-header-meta":"","header-above-stick-meta":"","header-main-stick-meta":"","header-below-stick-meta":"","astra-migrate-meta-layouts":"default","ast-page-background-enabled":"default","ast-page-background-meta":{"desktop":{"background-color":"var(--ast-global-color-4)","background-image":"","background-repeat":"repeat","background-position":"center center","background-size":"auto","background-attachment":"scroll","background-type":"","background-media":"","overlay-type":"","overlay-color":"","overlay-opacity":"","overlay-gradient":""},"tablet":{"background-color":"","background-image":"","background-repeat":"repeat","background-position":"center center","background-size":"auto","background-attachment":"scroll","background-type":"","background-media":"","overlay-type":"","overlay-color":"","overlay-opacity":"","overlay-gradient":""},"mobile":{"background-color":"","background-image":"","background-repeat":"repeat","background-position":"center center","background-size":"auto","background-attachment":"scroll","background-type":"","background-media":"","overlay-type":"","overlay-color":"","overlay-opacity":"","overlay-gradient":""}},"ast-content-background-meta":{"desktop":{"background-color":"var(--ast-global-color-5)","background-image":"","background-repeat":"repeat","background-position":"center center","background-size":"auto","background-attachment":"scroll","background-type":"","background-media":"","overlay-type":"","overlay-color":"","overlay-opacity":"","overlay-gradient":""},"tablet":{"background-color":"var(--ast-global-color-5)","background-image":"","background-repeat":"repeat","background-position":"center center","background-size":"auto","background-attachment":"scroll","background-type":"","background-media":"","overlay-type":"","overlay-color":"","overlay-opacity":"","overlay-gradient":""},"mobile":{"background-color":"var(--ast-global-color-5)","background-image":"","background-repeat":"repeat","background-position":"center center","background-size":"auto","background-attachment":"scroll","background-type":"","background-media":"","overlay-type":"","overlay-color":"","overlay-opacity":"","overlay-gradient":""}},"footnotes":""},"class_list":["post-3","page","type-page","status-publish","hentry"],"acf":[],"_links":{"self":[{"href":"https:\/\/xn--makorigen-s9a.com\/es\/wp-json\/wp\/v2\/pages\/3","targetHints":{"allow":["GET"]}}],"collection":[{"href":"https:\/\/xn--makorigen-s9a.com\/es\/wp-json\/wp\/v2\/pages"}],"about":[{"href":"https:\/\/xn--makorigen-s9a.com\/es\/wp-json\/wp\/v2\/types\/page"}],"author":[{"embeddable":true,"href":"https:\/\/xn--makorigen-s9a.com\/es\/wp-json\/wp\/v2\/users\/1"}],"replies":[{"embeddable":true,"href":"https:\/\/xn--makorigen-s9a.com\/es\/wp-json\/wp\/v2\/comments?post=3"}],"version-history":[{"count":59,"href":"https:\/\/xn--makorigen-s9a.com\/es\/wp-json\/wp\/v2\/pages\/3\/revisions"}],"predecessor-version":[{"id":5189,"href":"https:\/\/xn--makorigen-s9a.com\/es\/wp-json\/wp\/v2\/pages\/3\/revisions\/5189"}],"wp:attachment":[{"href":"https:\/\/xn--makorigen-s9a.com\/es\/wp-json\/wp\/v2\/media?parent=3"}],"curies":[{"name":"wp","href":"https:\/\/api.w.org\/{rel}","templated":true}]}}