{"id":1652,"date":"2025-08-29T19:29:31","date_gmt":"2025-08-29T19:29:31","guid":{"rendered":"https:\/\/xn--makorigen-s9a.com\/?post_type=product&#038;p=1652"},"modified":"2026-01-13T03:07:22","modified_gmt":"2026-01-13T03:07:22","slug":"manteles-individuales-con-contraste-maku","status":"publish","type":"product","link":"https:\/\/xn--makorigen-s9a.com\/es\/producto\/manteles-individuales-con-contraste-maku\/","title":{"rendered":"Individuales Mak\u00fc de Contrastes"},"content":{"rendered":"<p data-start=\"485\" data-end=\"843\">Estos manteles individuales est\u00e1n hechos a mano con fibras naturales y presentan un patr\u00f3n de tejido a rayas en tonos tierra claros y oscuros. Dise\u00f1ados para proteger y adornar tu mesa, aportan calidez y textura artesanal tanto a las comidas cotidianas como a las ocasiones especiales. Funcionales y decorativos a la vez, estos manteles individuales encarnan la filosof\u00eda de Mak\u00fc de dise\u00f1o atemporal y minimalista.<\/p>\n<ul data-start=\"845\" data-end=\"1014\">\n<li data-start=\"845\" data-end=\"883\">\n<p data-start=\"847\" data-end=\"883\">Material: fibras naturales tejidas a mano<\/p>\n<\/li>\n<li data-start=\"884\" data-end=\"908\">\n<p data-start=\"886\" data-end=\"908\">Hecho a mano en Colombia<\/p>\n<\/li>\n<li data-start=\"909\" data-end=\"938\">\n<p data-start=\"911\" data-end=\"938\">Duraderos y f\u00e1ciles de limpiar<\/p>\n<\/li>\n<li data-start=\"939\" data-end=\"980\">\n<p data-start=\"941\" data-end=\"980\">Perfectos para el uso diario o para recibir invitados<\/p>\n<\/li>\n<li data-start=\"981\" data-end=\"1014\">\n<p data-start=\"983\" data-end=\"1014\">Disponibles en sets de 2, 4 o 6<\/p>\n<\/li>\n<\/ul>","protected":false},"excerpt":{"rendered":"<p data-start=\"321\" data-end=\"436\">Individuales tejidos a mano, con contraste de fibras naturales y tonos oscuros. Un toque minimalista que eleva cualquier experiencia en la mesa.<\/p>","protected":false},"featured_media":1653,"template":"","meta":{"_acf_changed":false,"site-sidebar-layout":"default","site-content-layout":"","ast-site-content-layout":"default","site-content-style":"default","site-sidebar-style":"default","ast-global-header-display":"","ast-banner-title-visibility":"","ast-main-header-display":"","ast-hfb-above-header-display":"","ast-hfb-below-header-display":"","ast-hfb-mobile-header-display":"","site-post-title":"","ast-breadcrumbs-content":"","ast-featured-img":"","footer-sml-layout":"","ast-disable-related-posts":"","theme-transparent-header-meta":"default","adv-header-id-meta":"","stick-header-meta":"default","header-above-stick-meta":"","header-main-stick-meta":"","header-below-stick-meta":"","astra-migrate-meta-layouts":"set","ast-page-background-enabled":"default","ast-page-background-meta":{"desktop":{"background-color":"var(--ast-global-color-4)","background-image":"","background-repeat":"repeat","background-position":"center center","background-size":"auto","background-attachment":"scroll","background-type":"","background-media":"","overlay-type":"","overlay-color":"","overlay-opacity":"","overlay-gradient":""},"tablet":{"background-color":"","background-image":"","background-repeat":"repeat","background-position":"center center","background-size":"auto","background-attachment":"scroll","background-type":"","background-media":"","overlay-type":"","overlay-color":"","overlay-opacity":"","overlay-gradient":""},"mobile":{"background-color":"","background-image":"","background-repeat":"repeat","background-position":"center center","background-size":"auto","background-attachment":"scroll","background-type":"","background-media":"","overlay-type":"","overlay-color":"","overlay-opacity":"","overlay-gradient":""}},"ast-content-background-meta":{"desktop":{"background-color":"var(--ast-global-color-5)","background-image":"","background-repeat":"repeat","background-position":"center center","background-size":"auto","background-attachment":"scroll","background-type":"","background-media":"","overlay-type":"","overlay-color":"","overlay-opacity":"","overlay-gradient":""},"tablet":{"background-color":"var(--ast-global-color-5)","background-image":"","background-repeat":"repeat","background-position":"center center","background-size":"auto","background-attachment":"scroll","background-type":"","background-media":"","overlay-type":"","overlay-color":"","overlay-opacity":"","overlay-gradient":""},"mobile":{"background-color":"var(--ast-global-color-5)","background-image":"","background-repeat":"repeat","background-position":"center center","background-size":"auto","background-attachment":"scroll","background-type":"","background-media":"","overlay-type":"","overlay-color":"","overlay-opacity":"","overlay-gradient":""}}},"product_brand":[],"product_cat":[31],"product_tag":[],"class_list":{"0":"post-1652","1":"product","2":"type-product","3":"status-publish","4":"has-post-thumbnail","6":"product_cat-homeware","7":"pa_material-fique","8":"desktop-align-left","9":"tablet-align-left","10":"mobile-align-left","11":"ast-product-gallery-layout-vertical-slider","12":"ast-magnify-disabled","13":"ast-product-tabs-layout-accordion","15":"first","16":"instock","17":"shipping-taxable","18":"purchasable","19":"product-type-simple"},"acf":[],"_links":{"self":[{"href":"https:\/\/xn--makorigen-s9a.com\/es\/wp-json\/wp\/v2\/product\/1652","targetHints":{"allow":["GET"]}}],"collection":[{"href":"https:\/\/xn--makorigen-s9a.com\/es\/wp-json\/wp\/v2\/product"}],"about":[{"href":"https:\/\/xn--makorigen-s9a.com\/es\/wp-json\/wp\/v2\/types\/product"}],"wp:featuredmedia":[{"embeddable":true,"href":"https:\/\/xn--makorigen-s9a.com\/es\/wp-json\/wp\/v2\/media\/1653"}],"wp:attachment":[{"href":"https:\/\/xn--makorigen-s9a.com\/es\/wp-json\/wp\/v2\/media?parent=1652"}],"wp:term":[{"taxonomy":"product_brand","embeddable":true,"href":"https:\/\/xn--makorigen-s9a.com\/es\/wp-json\/wp\/v2\/product_brand?post=1652"},{"taxonomy":"product_cat","embeddable":true,"href":"https:\/\/xn--makorigen-s9a.com\/es\/wp-json\/wp\/v2\/product_cat?post=1652"},{"taxonomy":"product_tag","embeddable":true,"href":"https:\/\/xn--makorigen-s9a.com\/es\/wp-json\/wp\/v2\/product_tag?post=1652"}],"curies":[{"name":"wp","href":"https:\/\/api.w.org\/{rel}","templated":true}]}}