{"id":769,"date":"2025-07-17T23:15:57","date_gmt":"2025-07-17T23:15:57","guid":{"rendered":"https:\/\/xn--makorigen-s9a.com\/producto\/ceramic-plant-pots\/"},"modified":"2026-01-13T03:27:05","modified_gmt":"2026-01-13T03:27:05","slug":"nido-redondo-maku","status":"publish","type":"product","link":"https:\/\/xn--makorigen-s9a.com\/es\/producto\/nido-redondo-maku\/","title":{"rendered":"Nido Redondo Mak\u00fc"},"content":{"rendered":"<p data-start=\"400\" data-end=\"778\">Este nido redondo est\u00e1 hecho a mano con fibras naturales y presenta una silueta circular de perfil bajo con bordes suavemente redondeados. Su dise\u00f1o org\u00e1nico lo hace ideal para m\u00faltiples usos, desde colocar frutas o pan en la mesa hasta servir como un elemento decorativo \u00fanico en tu espacio vital. Cada pieza lleva la identidad artesanal de Mak\u00fc, combinando funcionalidad y estilo atemporal.<\/p>\n<ul data-start=\"780\" data-end=\"907\">\n<li data-start=\"780\" data-end=\"818\">\n<p data-start=\"782\" data-end=\"818\">Material: fibras naturales tejidas a mano<\/p>\n<\/li>\n<li data-start=\"819\" data-end=\"843\">\n<p data-start=\"821\" data-end=\"843\">Hecho a mano en Colombia<\/p>\n<\/li>\n<li data-start=\"844\" data-end=\"870\">\n<p data-start=\"846\" data-end=\"870\">Resistente y ligero<\/p>\n<\/li>\n<li data-start=\"871\" data-end=\"907\">\n<p data-start=\"873\" data-end=\"907\">Uso m\u00faltiple: para servir o decorar<\/p>\n<\/li>\n<\/ul>","protected":false},"excerpt":{"rendered":"<p>Canasto redondo tejido a mano, con una forma profunda tipo nido. Una pieza artesanal vers\u00e1til para servir, almacenar o decorar.<\/p>","protected":false},"featured_media":1619,"template":"","meta":{"_acf_changed":false,"site-sidebar-layout":"default","site-content-layout":"","ast-site-content-layout":"default","site-content-style":"default","site-sidebar-style":"default","ast-global-header-display":"","ast-banner-title-visibility":"","ast-main-header-display":"","ast-hfb-above-header-display":"","ast-hfb-below-header-display":"","ast-hfb-mobile-header-display":"","site-post-title":"","ast-breadcrumbs-content":"","ast-featured-img":"","footer-sml-layout":"","ast-disable-related-posts":"","theme-transparent-header-meta":"default","adv-header-id-meta":"","stick-header-meta":"default","header-above-stick-meta":"","header-main-stick-meta":"","header-below-stick-meta":"","astra-migrate-meta-layouts":"set","ast-page-background-enabled":"default","ast-page-background-meta":{"desktop":{"background-color":"var(--ast-global-color-4)","background-image":"","background-repeat":"repeat","background-position":"center center","background-size":"auto","background-attachment":"scroll","background-type":"","background-media":"","overlay-type":"","overlay-color":"","overlay-opacity":"","overlay-gradient":""},"tablet":{"background-color":"","background-image":"","background-repeat":"repeat","background-position":"center center","background-size":"auto","background-attachment":"scroll","background-type":"","background-media":"","overlay-type":"","overlay-color":"","overlay-opacity":"","overlay-gradient":""},"mobile":{"background-color":"","background-image":"","background-repeat":"repeat","background-position":"center center","background-size":"auto","background-attachment":"scroll","background-type":"","background-media":"","overlay-type":"","overlay-color":"","overlay-opacity":"","overlay-gradient":""}},"ast-content-background-meta":{"desktop":{"background-color":"var(--ast-global-color-5)","background-image":"","background-repeat":"repeat","background-position":"center center","background-size":"auto","background-attachment":"scroll","background-type":"","background-media":"","overlay-type":"","overlay-color":"","overlay-opacity":"","overlay-gradient":""},"tablet":{"background-color":"var(--ast-global-color-5)","background-image":"","background-repeat":"repeat","background-position":"center center","background-size":"auto","background-attachment":"scroll","background-type":"","background-media":"","overlay-type":"","overlay-color":"","overlay-opacity":"","overlay-gradient":""},"mobile":{"background-color":"var(--ast-global-color-5)","background-image":"","background-repeat":"repeat","background-position":"center center","background-size":"auto","background-attachment":"scroll","background-type":"","background-media":"","overlay-type":"","overlay-color":"","overlay-opacity":"","overlay-gradient":""}}},"product_brand":[],"product_cat":[31],"product_tag":[],"class_list":{"0":"post-769","1":"product","2":"type-product","3":"status-publish","4":"has-post-thumbnail","6":"product_cat-homeware","7":"pa_material-esparto","8":"desktop-align-left","9":"tablet-align-left","10":"mobile-align-left","11":"ast-product-gallery-layout-vertical-slider","12":"ast-magnify-disabled","13":"ast-product-tabs-layout-accordion","15":"first","16":"instock","17":"shipping-taxable","18":"purchasable","19":"product-type-simple"},"acf":[],"_links":{"self":[{"href":"https:\/\/xn--makorigen-s9a.com\/es\/wp-json\/wp\/v2\/product\/769","targetHints":{"allow":["GET"]}}],"collection":[{"href":"https:\/\/xn--makorigen-s9a.com\/es\/wp-json\/wp\/v2\/product"}],"about":[{"href":"https:\/\/xn--makorigen-s9a.com\/es\/wp-json\/wp\/v2\/types\/product"}],"wp:featuredmedia":[{"embeddable":true,"href":"https:\/\/xn--makorigen-s9a.com\/es\/wp-json\/wp\/v2\/media\/1619"}],"wp:attachment":[{"href":"https:\/\/xn--makorigen-s9a.com\/es\/wp-json\/wp\/v2\/media?parent=769"}],"wp:term":[{"taxonomy":"product_brand","embeddable":true,"href":"https:\/\/xn--makorigen-s9a.com\/es\/wp-json\/wp\/v2\/product_brand?post=769"},{"taxonomy":"product_cat","embeddable":true,"href":"https:\/\/xn--makorigen-s9a.com\/es\/wp-json\/wp\/v2\/product_cat?post=769"},{"taxonomy":"product_tag","embeddable":true,"href":"https:\/\/xn--makorigen-s9a.com\/es\/wp-json\/wp\/v2\/product_tag?post=769"}],"curies":[{"name":"wp","href":"https:\/\/api.w.org\/{rel}","templated":true}]}}