{"id":770,"date":"2025-07-17T23:15:57","date_gmt":"2025-07-17T23:15:57","guid":{"rendered":"https:\/\/xn--makorigen-s9a.com\/producto\/ceramic-plates\/"},"modified":"2026-01-13T03:28:42","modified_gmt":"2026-01-13T03:28:42","slug":"cesta-de-picnic-maku","status":"publish","type":"product","link":"https:\/\/xn--makorigen-s9a.com\/es\/producto\/cesta-de-picnic-maku\/","title":{"rendered":"Canasto Mak\u00fc de Picnic"},"content":{"rendered":"<p data-start=\"422\" data-end=\"762\">Esta canasta para picnic est\u00e1 hecha a mano con fibras naturales, tiene una silueta rectangular y un asa tejida resistente. Dise\u00f1ada para ser vers\u00e1til, es perfecta para picnics, guardar art\u00edculos esenciales o como pieza decorativa r\u00fastica que aporta calidez a cualquier espacio. Ligera pero duradera, esta canasta combina funcionalidad y artesan\u00eda.<\/p>\n<ul data-start=\"764\" data-end=\"914\">\n<li data-start=\"764\" data-end=\"802\">\n<p data-start=\"766\" data-end=\"802\">Material: fibras naturales tejidas a mano<\/p>\n<\/li>\n<li data-start=\"803\" data-end=\"827\">\n<p data-start=\"805\" data-end=\"827\">Hecho a mano en Colombia<\/p>\n<\/li>\n<li data-start=\"828\" data-end=\"863\">\n<p data-start=\"830\" data-end=\"863\">Asa resistente para un f\u00e1cil transporte<\/p>\n<\/li>\n<li data-start=\"864\" data-end=\"914\">\n<p data-start=\"866\" data-end=\"914\">Funcional como canasto de picnic, para almacenamiento o decoraci\u00f3n<\/p>\n<\/li>\n<\/ul>","protected":false},"excerpt":{"rendered":"<p>Canasto rectangular tejido a mano, con asa resistente. Un esencial atemporal para picnics, almacenamiento o uso decorativo en el hogar.<\/p>","protected":false},"featured_media":1615,"template":"","meta":{"_acf_changed":false,"site-sidebar-layout":"default","site-content-layout":"","ast-site-content-layout":"default","site-content-style":"default","site-sidebar-style":"default","ast-global-header-display":"","ast-banner-title-visibility":"","ast-main-header-display":"","ast-hfb-above-header-display":"","ast-hfb-below-header-display":"","ast-hfb-mobile-header-display":"","site-post-title":"","ast-breadcrumbs-content":"","ast-featured-img":"","footer-sml-layout":"","ast-disable-related-posts":"","theme-transparent-header-meta":"default","adv-header-id-meta":"","stick-header-meta":"default","header-above-stick-meta":"","header-main-stick-meta":"","header-below-stick-meta":"","astra-migrate-meta-layouts":"set","ast-page-background-enabled":"default","ast-page-background-meta":{"desktop":{"background-color":"var(--ast-global-color-4)","background-image":"","background-repeat":"repeat","background-position":"center center","background-size":"auto","background-attachment":"scroll","background-type":"","background-media":"","overlay-type":"","overlay-color":"","overlay-opacity":"","overlay-gradient":""},"tablet":{"background-color":"","background-image":"","background-repeat":"repeat","background-position":"center center","background-size":"auto","background-attachment":"scroll","background-type":"","background-media":"","overlay-type":"","overlay-color":"","overlay-opacity":"","overlay-gradient":""},"mobile":{"background-color":"","background-image":"","background-repeat":"repeat","background-position":"center center","background-size":"auto","background-attachment":"scroll","background-type":"","background-media":"","overlay-type":"","overlay-color":"","overlay-opacity":"","overlay-gradient":""}},"ast-content-background-meta":{"desktop":{"background-color":"var(--ast-global-color-5)","background-image":"","background-repeat":"repeat","background-position":"center center","background-size":"auto","background-attachment":"scroll","background-type":"","background-media":"","overlay-type":"","overlay-color":"","overlay-opacity":"","overlay-gradient":""},"tablet":{"background-color":"var(--ast-global-color-5)","background-image":"","background-repeat":"repeat","background-position":"center center","background-size":"auto","background-attachment":"scroll","background-type":"","background-media":"","overlay-type":"","overlay-color":"","overlay-opacity":"","overlay-gradient":""},"mobile":{"background-color":"var(--ast-global-color-5)","background-image":"","background-repeat":"repeat","background-position":"center center","background-size":"auto","background-attachment":"scroll","background-type":"","background-media":"","overlay-type":"","overlay-color":"","overlay-opacity":"","overlay-gradient":""}}},"product_brand":[],"product_cat":[31],"product_tag":[],"class_list":{"0":"post-770","1":"product","2":"type-product","3":"status-publish","4":"has-post-thumbnail","6":"product_cat-homeware","7":"pa_material-gaita","8":"desktop-align-left","9":"tablet-align-left","10":"mobile-align-left","11":"ast-product-gallery-layout-vertical-slider","12":"ast-magnify-disabled","13":"ast-product-tabs-layout-accordion","15":"first","16":"instock","17":"featured","18":"shipping-taxable","19":"purchasable","20":"product-type-simple"},"acf":[],"_links":{"self":[{"href":"https:\/\/xn--makorigen-s9a.com\/es\/wp-json\/wp\/v2\/product\/770","targetHints":{"allow":["GET"]}}],"collection":[{"href":"https:\/\/xn--makorigen-s9a.com\/es\/wp-json\/wp\/v2\/product"}],"about":[{"href":"https:\/\/xn--makorigen-s9a.com\/es\/wp-json\/wp\/v2\/types\/product"}],"wp:featuredmedia":[{"embeddable":true,"href":"https:\/\/xn--makorigen-s9a.com\/es\/wp-json\/wp\/v2\/media\/1615"}],"wp:attachment":[{"href":"https:\/\/xn--makorigen-s9a.com\/es\/wp-json\/wp\/v2\/media?parent=770"}],"wp:term":[{"taxonomy":"product_brand","embeddable":true,"href":"https:\/\/xn--makorigen-s9a.com\/es\/wp-json\/wp\/v2\/product_brand?post=770"},{"taxonomy":"product_cat","embeddable":true,"href":"https:\/\/xn--makorigen-s9a.com\/es\/wp-json\/wp\/v2\/product_cat?post=770"},{"taxonomy":"product_tag","embeddable":true,"href":"https:\/\/xn--makorigen-s9a.com\/es\/wp-json\/wp\/v2\/product_tag?post=770"}],"curies":[{"name":"wp","href":"https:\/\/api.w.org\/{rel}","templated":true}]}}